{"id":910,"date":"2022-12-20T17:21:53","date_gmt":"2022-12-20T16:21:53","guid":{"rendered":"http:\/\/172.20.161.79\/wordpress\/rh\/?page_id=910"},"modified":"2022-12-20T17:23:33","modified_gmt":"2022-12-20T16:23:33","slug":"communication-rh","status":"publish","type":"page","link":"https:\/\/www.beac.int\/recrutement\/communication-rh\/","title":{"rendered":"Communication RH"},"content":{"rendered":"\t\t<div data-elementor-type=\"wp-page\" data-elementor-id=\"910\" class=\"elementor elementor-910\" data-elementor-settings=\"[]\">\n\t\t\t\t\t\t<div class=\"elementor-inner\">\n\t\t\t\t\t\t\t<div class=\"elementor-section-wrap\">\n\t\t\t\t\t\t\t<section class=\"elementor-section elementor-top-section elementor-element elementor-element-98c07aa elementor-section-boxed elementor-section-height-default elementor-section-height-default\" data-id=\"98c07aa\" data-element_type=\"section\">\n\t\t\t\t\t\t<div class=\"elementor-container elementor-column-gap-default\">\n\t\t\t\t\t\t\t<div class=\"elementor-row\">\n\t\t\t\t\t<div class=\"elementor-column elementor-col-100 elementor-top-column elementor-element elementor-element-bde6d74\" data-id=\"bde6d74\" data-element_type=\"column\">\n\t\t\t<div class=\"elementor-column-wrap elementor-element-populated\">\n\t\t\t\t\t\t\t<div class=\"elementor-widget-wrap\">\n\t\t\t\t\t\t<div class=\"elementor-element elementor-element-91ba976 elementor-widget elementor-widget-text-editor\" data-id=\"91ba976\" data-element_type=\"widget\" data-widget_type=\"text-editor.default\">\n\t\t\t\t<div class=\"elementor-widget-container\">\n\t\t\t\t\t<div class=\"elementor-text-editor elementor-clearfix\"><p>La communication est au c\u0153ur de la gestion des ressources humaines de la Banque.<\/p><p>Le dialogue social est un pilier important de notre politique sociale. L\u2019activit\u00e9 des repr\u00e9sentants du personnel b\u00e9n\u00e9ficie d\u2019un accompagnement des \u00e9quipes RH au niveau op\u00e9rationnel et des autorit\u00e9s de la Banque dans la perspective de la pr\u00e9servation du bien-\u00eatre du personnel et de la coh\u00e9sion sociale.\u00a0<\/p><p>Dans la gestion quotidienne, plusieurs outils permettent l\u2019automatisation et la d\u00e9mat\u00e9rialisation des processus RH \u00e0 travers un Syst\u00e8me d\u2019Information des Ressources Humaines (SIRH) performant qui inclut le Self-service et plusieurs autres fonctionnalit\u00e9s.<\/p><\/div>\n\t\t\t\t<\/div>\n\t\t\t\t<\/div>\n\t\t\t\t\t\t<\/div>\n\t\t\t\t\t<\/div>\n\t\t<\/div>\n\t\t\t\t\t\t\t\t<\/div>\n\t\t\t\t\t<\/div>\n\t\t<\/section>\n\t\t\t\t\t\t<\/div>\n\t\t\t\t\t\t<\/div>\n\t\t\t\t\t<\/div>\n\t\t","protected":false},"excerpt":{"rendered":"<p>La communication est au c\u0153ur de la gestion des ressources humaines de la Banque. Le dialogue social est un pilier important de notre politique sociale. L\u2019activit\u00e9 des repr\u00e9sentants du personnel b\u00e9n\u00e9ficie d\u2019un accompagnement des \u00e9quipes RH au niveau op\u00e9rationnel et des autorit\u00e9s de la Banque dans la perspective de la pr\u00e9servation du bien-\u00eatre du personnel&#8230;<\/p>\n","protected":false},"author":1,"featured_media":0,"parent":0,"menu_order":0,"comment_status":"closed","ping_status":"closed","template":"","meta":{"footnotes":""},"class_list":["post-910","page","type-page","status-publish","hentry"],"_links":{"self":[{"href":"https:\/\/www.beac.int\/recrutement\/wp-json\/wp\/v2\/pages\/910","targetHints":{"allow":["GET"]}}],"collection":[{"href":"https:\/\/www.beac.int\/recrutement\/wp-json\/wp\/v2\/pages"}],"about":[{"href":"https:\/\/www.beac.int\/recrutement\/wp-json\/wp\/v2\/types\/page"}],"author":[{"embeddable":true,"href":"https:\/\/www.beac.int\/recrutement\/wp-json\/wp\/v2\/users\/1"}],"replies":[{"embeddable":true,"href":"https:\/\/www.beac.int\/recrutement\/wp-json\/wp\/v2\/comments?post=910"}],"version-history":[{"count":0,"href":"https:\/\/www.beac.int\/recrutement\/wp-json\/wp\/v2\/pages\/910\/revisions"}],"wp:attachment":[{"href":"https:\/\/www.beac.int\/recrutement\/wp-json\/wp\/v2\/media?parent=910"}],"curies":[{"name":"wp","href":"https:\/\/api.w.org\/{rel}","templated":true}]}}