{"id":897,"date":"2022-12-20T16:51:40","date_gmt":"2022-12-20T15:51:40","guid":{"rendered":"http:\/\/172.20.161.79\/wordpress\/rh\/?page_id=897"},"modified":"2026-05-07T13:36:37","modified_gmt":"2026-05-07T12:36:37","slug":"mobilite-interne","status":"publish","type":"page","link":"https:\/\/www.beac.int\/recrutement\/mobilite-interne\/","title":{"rendered":"Mobilit\u00e9 interne"},"content":{"rendered":"\t\t<div data-elementor-type=\"wp-page\" data-elementor-id=\"897\" class=\"elementor elementor-897\" data-elementor-settings=\"[]\">\n\t\t\t\t\t\t<div class=\"elementor-inner\">\n\t\t\t\t\t\t\t<div class=\"elementor-section-wrap\">\n\t\t\t\t\t\t\t<section class=\"elementor-section elementor-top-section elementor-element elementor-element-98c07aa elementor-section-boxed elementor-section-height-default elementor-section-height-default\" data-id=\"98c07aa\" data-element_type=\"section\">\n\t\t\t\t\t\t<div class=\"elementor-container elementor-column-gap-default\">\n\t\t\t\t\t\t\t<div class=\"elementor-row\">\n\t\t\t\t\t<div class=\"elementor-column elementor-col-100 elementor-top-column elementor-element elementor-element-bde6d74\" data-id=\"bde6d74\" data-element_type=\"column\">\n\t\t\t<div class=\"elementor-column-wrap elementor-element-populated\">\n\t\t\t\t\t\t\t<div class=\"elementor-widget-wrap\">\n\t\t\t\t\t\t<div class=\"elementor-element elementor-element-91ba976 elementor-widget elementor-widget-text-editor\" data-id=\"91ba976\" data-element_type=\"widget\" data-widget_type=\"text-editor.default\">\n\t\t\t\t<div class=\"elementor-widget-container\">\n\t\t\t\t\t<div class=\"elementor-text-editor elementor-clearfix\"><p>La gestion des carri\u00e8res se fait \u00e0 travers une mobilit\u00e9 dans les cat\u00e9gories socioprofessionnelles, les grades et les emplois suivant les m\u00e9tiers pr\u00e9vus par la Banque, notamment statutaires et les m\u00e9tiers support.<\/p><p>Le d\u00e9roulement d\u2019une carri\u00e8re est marqu\u00e9 d\u2019avancements, de promotions statutaires ou exceptionnelles, de mutations et d\u2019affectations.<\/p><\/div>\n\t\t\t\t<\/div>\n\t\t\t\t<\/div>\n\t\t\t\t\t\t<\/div>\n\t\t\t\t\t<\/div>\n\t\t<\/div>\n\t\t\t\t\t\t\t\t<\/div>\n\t\t\t\t\t<\/div>\n\t\t<\/section>\n\t\t\t\t<section class=\"elementor-section elementor-top-section elementor-element elementor-element-5ba32210 elementor-section-height-min-height elementor-section-content-middle elementor-section-boxed elementor-section-height-default elementor-section-items-middle\" data-id=\"5ba32210\" data-element_type=\"section\" data-settings=\"{&quot;background_background&quot;:&quot;classic&quot;}\">\n\t\t\t\t\t\t<div class=\"elementor-container elementor-column-gap-default\">\n\t\t\t\t\t\t\t<div class=\"elementor-row\">\n\t\t\t\t\t<div class=\"elementor-column elementor-col-50 elementor-top-column elementor-element elementor-element-65f2b0d5\" data-id=\"65f2b0d5\" data-element_type=\"column\">\n\t\t\t<div class=\"elementor-column-wrap elementor-element-populated\">\n\t\t\t\t\t\t\t<div class=\"elementor-widget-wrap\">\n\t\t\t\t\t\t<div class=\"elementor-element elementor-element-4f1fe190 elementor-widget-divider--view-line elementor-widget elementor-widget-divider\" data-id=\"4f1fe190\" data-element_type=\"widget\" data-widget_type=\"divider.default\">\n\t\t\t\t<div class=\"elementor-widget-container\">\n\t\t\t\t\t<div class=\"elementor-divider\">\n\t\t\t<span class=\"elementor-divider-separator\">\n\t\t\t\t\t\t<\/span>\n\t\t<\/div>\n\t\t\t\t<\/div>\n\t\t\t\t<\/div>\n\t\t\t\t<div class=\"elementor-element elementor-element-191a62b4 elementor-widget elementor-widget-heading\" data-id=\"191a62b4\" data-element_type=\"widget\" data-widget_type=\"heading.default\">\n\t\t\t\t<div class=\"elementor-widget-container\">\n\t\t\t<h5 class=\"elementor-heading-title elementor-size-medium\">Des perspectives de carri\u00e8re plus que d\u2019emplois<\/h5>\t\t<\/div>\n\t\t\t\t<\/div>\n\t\t\t\t<div class=\"elementor-element elementor-element-2971cf5 elementor-widget elementor-widget-text-editor\" data-id=\"2971cf5\" data-element_type=\"widget\" data-widget_type=\"text-editor.default\">\n\t\t\t\t<div class=\"elementor-widget-container\">\n\t\t\t\t\t<div class=\"elementor-text-editor elementor-clearfix\">Le d\u00e9veloppement des carri\u00e8res constitue l\u2019un des piliers majeurs de la politique RH de l\u2019Institution. Les collaborateurs sont accompagn\u00e9s dans leurs projets professionnels avec des possibilit\u00e9s de reconversion professionnelle, d\u2019adaptation au poste, de promotion \u00e0 l\u2019issue de certains parcours de formation, du fait de la performance ainsi que des avancements garantis par l\u2019anciennet\u00e9.<\/div>\n\t\t\t\t<\/div>\n\t\t\t\t<\/div>\n\t\t\t\t\t\t<\/div>\n\t\t\t\t\t<\/div>\n\t\t<\/div>\n\t\t\t\t<div class=\"elementor-column elementor-col-50 elementor-top-column elementor-element elementor-element-6741c3e\" data-id=\"6741c3e\" data-element_type=\"column\">\n\t\t\t<div class=\"elementor-column-wrap elementor-element-populated\">\n\t\t\t\t\t\t\t<div class=\"elementor-widget-wrap\">\n\t\t\t\t\t\t<div class=\"elementor-element elementor-element-5c634fcb elementor-widget elementor-widget-image\" data-id=\"5c634fcb\" data-element_type=\"widget\" data-widget_type=\"image.default\">\n\t\t\t\t<div class=\"elementor-widget-container\">\n\t\t\t\t\t<div class=\"elementor-image\">\n\t\t\t\t\t\t\t\t\t\t<img loading=\"lazy\" decoding=\"async\" width=\"626\" height=\"417\" src=\"https:\/\/www.beac.int\/recrutement\/wp-content\/uploads\/2021\/08\/concept-croissance-carriere.jpg\" class=\"attachment-full size-full\" alt=\"\" srcset=\"https:\/\/www.beac.int\/recrutement\/wp-content\/uploads\/2021\/08\/concept-croissance-carriere.jpg 626w, https:\/\/www.beac.int\/recrutement\/wp-content\/uploads\/2021\/08\/concept-croissance-carriere-300x200.jpg 300w, https:\/\/www.beac.int\/recrutement\/wp-content\/uploads\/2021\/08\/concept-croissance-carriere-85x58.jpg 85w, https:\/\/www.beac.int\/recrutement\/wp-content\/uploads\/2021\/08\/concept-croissance-carriere-600x400.jpg 600w\" sizes=\"auto, (max-width: 626px) 100vw, 626px\" \/>\t\t\t\t\t\t\t\t\t\t\t<\/div>\n\t\t\t\t<\/div>\n\t\t\t\t<\/div>\n\t\t\t\t\t\t<\/div>\n\t\t\t\t\t<\/div>\n\t\t<\/div>\n\t\t\t\t\t\t\t\t<\/div>\n\t\t\t\t\t<\/div>\n\t\t<\/section>\n\t\t\t\t<section class=\"elementor-section elementor-top-section elementor-element elementor-element-aef961f elementor-section-height-min-height elementor-section-content-middle elementor-section-boxed elementor-section-height-default elementor-section-items-middle\" data-id=\"aef961f\" data-element_type=\"section\">\n\t\t\t\t\t\t<div class=\"elementor-container elementor-column-gap-default\">\n\t\t\t\t\t\t\t<div class=\"elementor-row\">\n\t\t\t\t\t<div class=\"elementor-column elementor-col-50 elementor-top-column elementor-element elementor-element-e437c37\" data-id=\"e437c37\" data-element_type=\"column\">\n\t\t\t<div class=\"elementor-column-wrap elementor-element-populated\">\n\t\t\t\t\t\t\t<div class=\"elementor-widget-wrap\">\n\t\t\t\t\t\t<div class=\"elementor-element elementor-element-1f17b90 elementor-widget elementor-widget-image\" data-id=\"1f17b90\" data-element_type=\"widget\" data-widget_type=\"image.default\">\n\t\t\t\t<div class=\"elementor-widget-container\">\n\t\t\t\t\t<div class=\"elementor-image\">\n\t\t\t\t\t\t\t\t\t\t<img loading=\"lazy\" decoding=\"async\" width=\"626\" height=\"417\" src=\"https:\/\/www.beac.int\/recrutement\/wp-content\/uploads\/2021\/08\/cadre-de-travail.jpg\" class=\"attachment-full size-full\" alt=\"\" srcset=\"https:\/\/www.beac.int\/recrutement\/wp-content\/uploads\/2021\/08\/cadre-de-travail.jpg 626w, https:\/\/www.beac.int\/recrutement\/wp-content\/uploads\/2021\/08\/cadre-de-travail-300x200.jpg 300w, https:\/\/www.beac.int\/recrutement\/wp-content\/uploads\/2021\/08\/cadre-de-travail-85x58.jpg 85w, https:\/\/www.beac.int\/recrutement\/wp-content\/uploads\/2021\/08\/cadre-de-travail-600x400.jpg 600w\" sizes=\"auto, (max-width: 626px) 100vw, 626px\" \/>\t\t\t\t\t\t\t\t\t\t\t<\/div>\n\t\t\t\t<\/div>\n\t\t\t\t<\/div>\n\t\t\t\t\t\t<\/div>\n\t\t\t\t\t<\/div>\n\t\t<\/div>\n\t\t\t\t<div class=\"elementor-column elementor-col-50 elementor-top-column elementor-element elementor-element-cf179fd\" data-id=\"cf179fd\" data-element_type=\"column\">\n\t\t\t<div class=\"elementor-column-wrap elementor-element-populated\">\n\t\t\t\t\t\t\t<div class=\"elementor-widget-wrap\">\n\t\t\t\t\t\t<div class=\"elementor-element elementor-element-4ab1d25 elementor-widget-divider--view-line elementor-widget elementor-widget-divider\" data-id=\"4ab1d25\" data-element_type=\"widget\" data-widget_type=\"divider.default\">\n\t\t\t\t<div class=\"elementor-widget-container\">\n\t\t\t\t\t<div class=\"elementor-divider\">\n\t\t\t<span class=\"elementor-divider-separator\">\n\t\t\t\t\t\t<\/span>\n\t\t<\/div>\n\t\t\t\t<\/div>\n\t\t\t\t<\/div>\n\t\t\t\t<div class=\"elementor-element elementor-element-fb6078f elementor-widget elementor-widget-heading\" data-id=\"fb6078f\" data-element_type=\"widget\" data-widget_type=\"heading.default\">\n\t\t\t\t<div class=\"elementor-widget-container\">\n\t\t\t<h5 class=\"elementor-heading-title elementor-size-large\">Une relation privil\u00e9gi\u00e9e entre managers et collaborateurs pour une performance optimale<\/h5>\t\t<\/div>\n\t\t\t\t<\/div>\n\t\t\t\t<div class=\"elementor-element elementor-element-20bb492 elementor-widget elementor-widget-text-editor\" data-id=\"20bb492\" data-element_type=\"widget\" data-widget_type=\"text-editor.default\">\n\t\t\t\t<div class=\"elementor-widget-container\">\n\t\t\t\t\t<div class=\"elementor-text-editor elementor-clearfix\"><p>La performance est un levier important de l\u2019\u00e9volution de carri\u00e8re des employ\u00e9s. A ce titre, un accent particulier est mis sur la qualit\u00e9 des relations entre le manager et le collaborateur dans la poursuite des objectifs op\u00e9rationnels de service.<\/p>\n<p>Les contr\u00f4les et les revues \u00e0 mi-parcours sont encourag\u00e9s afin de garantir l\u2019atteinte des r\u00e9sultats escompt\u00e9s. Le collaborateur est \u00e9valu\u00e9 en fin d\u2019ann\u00e9e avec des perspectives d\u2019avancement et de r\u00e9mun\u00e9ration en lien avec son rendement ou sa contribution \u00e0 la performance collective. <\/p><\/div>\n\t\t\t\t<\/div>\n\t\t\t\t<\/div>\n\t\t\t\t\t\t<\/div>\n\t\t\t\t\t<\/div>\n\t\t<\/div>\n\t\t\t\t\t\t\t\t<\/div>\n\t\t\t\t\t<\/div>\n\t\t<\/section>\n\t\t\t\t\t\t<\/div>\n\t\t\t\t\t\t<\/div>\n\t\t\t\t\t<\/div>\n\t\t","protected":false},"excerpt":{"rendered":"<p>La gestion des carri\u00e8res se fait \u00e0 travers une mobilit\u00e9 dans les cat\u00e9gories socioprofessionnelles, les grades et les emplois suivant les m\u00e9tiers pr\u00e9vus par la Banque, notamment statutaires et les m\u00e9tiers support. Le d\u00e9roulement d\u2019une carri\u00e8re est marqu\u00e9 d\u2019avancements, de promotions statutaires ou exceptionnelles, de mutations et d\u2019affectations. Des perspectives de carri\u00e8re plus que d\u2019emplois&#8230;<\/p>\n","protected":false},"author":1,"featured_media":0,"parent":0,"menu_order":0,"comment_status":"closed","ping_status":"closed","template":"","meta":{"footnotes":""},"class_list":["post-897","page","type-page","status-publish","hentry"],"_links":{"self":[{"href":"https:\/\/www.beac.int\/recrutement\/wp-json\/wp\/v2\/pages\/897","targetHints":{"allow":["GET"]}}],"collection":[{"href":"https:\/\/www.beac.int\/recrutement\/wp-json\/wp\/v2\/pages"}],"about":[{"href":"https:\/\/www.beac.int\/recrutement\/wp-json\/wp\/v2\/types\/page"}],"author":[{"embeddable":true,"href":"https:\/\/www.beac.int\/recrutement\/wp-json\/wp\/v2\/users\/1"}],"replies":[{"embeddable":true,"href":"https:\/\/www.beac.int\/recrutement\/wp-json\/wp\/v2\/comments?post=897"}],"version-history":[{"count":0,"href":"https:\/\/www.beac.int\/recrutement\/wp-json\/wp\/v2\/pages\/897\/revisions"}],"wp:attachment":[{"href":"https:\/\/www.beac.int\/recrutement\/wp-json\/wp\/v2\/media?parent=897"}],"curies":[{"name":"wp","href":"https:\/\/api.w.org\/{rel}","templated":true}]}}