{"id":406,"date":"2020-10-26T13:38:28","date_gmt":"2020-10-26T12:38:28","guid":{"rendered":"http:\/\/172.20.161.79\/wordpress\/rh\/?page_id=406"},"modified":"2022-12-30T08:39:51","modified_gmt":"2022-12-30T07:39:51","slug":"nos-stages","status":"publish","type":"page","link":"https:\/\/www.beac.int\/recrutement\/nos-stages\/","title":{"rendered":"Nos stages"},"content":{"rendered":"<p>[vc_row css=&#8221;.vc_custom_1513347932803{padding-top: 30px !important;}&#8221;][vc_column el_class=&#8221;careerfy-typo-wrap stage-box&#8221;][vc_column_text]<\/p>\n<h2>PROGRAMME DE STAGES ACAD\u00c9MIQUES \u00c0 LA BEAC<\/h2>\n<p>Le programme de stage acad\u00e9mique de la BEAC donne une opportunit\u00e9 aux \u00e9tudiants en cours de scolarit\u00e9 dans tous les domaines, de mieux comprendre le fonctionnement de l\u2019Institut d\u2019Emission sous r\u00e9gional.<\/p>\n<h3>Aper\u00e7u<\/h3>\n<p><img loading=\"lazy\" decoding=\"async\" class=\"img-embed alignright wp-image-815\" src=\"http:\/\/172.20.161.79\/wordpress\/rh\/wp-content\/uploads\/2021\/09\/stage-300x160.png\" alt=\"\" width=\"400\" height=\"213\" srcset=\"https:\/\/www.beac.int\/recrutement\/wp-content\/uploads\/2021\/09\/stage-300x160.png 300w, https:\/\/www.beac.int\/recrutement\/wp-content\/uploads\/2021\/09\/stage-768x409.png 768w, https:\/\/www.beac.int\/recrutement\/wp-content\/uploads\/2021\/09\/stage-600x319.png 600w, https:\/\/www.beac.int\/recrutement\/wp-content\/uploads\/2021\/09\/stage.png 1000w\" sizes=\"auto, (max-width: 400px) 100vw, 400px\" \/>Pendant 8 \u00e0 12 semaines, le stagiaire travaille sous la supervision directe d\u2019un encadreur pour conduire un projet de recherche et finaliser sa th\u00e8se ou son m\u00e9moire. Son m\u00e9moire peut \u00eatre pr\u00e9sent\u00e9 aux responsables de l\u2019entit\u00e9 o\u00f9 s\u2019est d\u00e9roul\u00e9 le stage. Les travaux de tr\u00e8s haute facture peuvent \u00e9ventuellement faire l\u2019objet de publication sous forme d\u2019un article dans une des revues de la Banque.<\/p>\n<p>Les projets sur lesquels travaillent les stagiaires d\u00e9pendent des activit\u00e9s de l\u2019entit\u00e9 qui les accueille. Ces projets portent sur un domaine large de questions \u00e9conomiques, financi\u00e8res et d\u2019autres m\u00e9tiers pr\u00e9sents \u00e0 la Banque.<\/p>\n<p>A titre d\u2019exemple, on peut citer :<\/p>\n<ul>\n<li>Inflation dans la Zone CEMAC ;<\/li>\n<li>Bourse des valeurs mobili\u00e8res ;<\/li>\n<li>Politique mon\u00e9taire ;<\/li>\n<li>R\u00e9glementation bancaire ;<\/li>\n<li>Dette publique ;<\/li>\n<li>Syst\u00e8me des paiements ;<\/li>\n<li>etc.<\/li>\n<\/ul>\n<h3>Eligibilit\u00e9<\/h3>\n<p>Les candidats doivent:<\/p>\n<ul>\n<li>Etre ressortissants d\u2019un des 6 Etats membres de la CEMAC ;<\/li>\n<li>Pr\u00e9parer un m\u00e9moire ou une th\u00e8se dans l\u2019ann\u00e9e au cours de laquelle le stage est demand\u00e9 ;<\/li>\n<li>Etre r\u00e9guli\u00e8rement inscrit comme \u00e9tudiants ;<\/li>\n<li>Avoir plus de 18 ans ;<\/li>\n<li>Avoir une bonne connaissance de l\u2019une des trois langues suivantes: fran\u00e7ais, anglais ou espagnol (Ecrit et parl\u00e9).<\/li>\n<\/ul>\n<h3>Proc\u00e9dure de soumission des dossiers de candidature<\/h3>\n<p><img loading=\"lazy\" decoding=\"async\" class=\"img-embed alignleft wp-image-996\" src=\"http:\/\/172.20.161.79\/wordpress\/rh\/wp-content\/uploads\/2022\/12\/doc-table.jpg\" alt=\"\" width=\"555\" height=\"370\" srcset=\"https:\/\/www.beac.int\/recrutement\/wp-content\/uploads\/2022\/12\/doc-table.jpg 1000w, https:\/\/www.beac.int\/recrutement\/wp-content\/uploads\/2022\/12\/doc-table-300x200.jpg 300w, https:\/\/www.beac.int\/recrutement\/wp-content\/uploads\/2022\/12\/doc-table-768x512.jpg 768w, https:\/\/www.beac.int\/recrutement\/wp-content\/uploads\/2022\/12\/doc-table-85x58.jpg 85w, https:\/\/www.beac.int\/recrutement\/wp-content\/uploads\/2022\/12\/doc-table-600x400.jpg 600w\" sizes=\"auto, (max-width: 555px) 100vw, 555px\" \/>Les candidats doivent remplir <a href=\"https:\/\/www.beac.int\/wp-content\/uploads\/2016\/10\/formulaire_cand.pdf\">le formulaire de demande de stage de la BEAC<\/a> et l\u2019envoyer, avec l\u2019approbation de l\u2019institution o\u00f9 ils poursuivent leurs \u00e9tudes, \u00e0 l\u2019adresse suivante :<\/p>\n<p>MONSIEUR LE DIRECTEUR DES RESSOURCES HUMAINES ET FORMATION<br \/>\nBANQUE des ETATS de l\u2019AFRIQUE CENTRALE<br \/>\nB.P. 1917<br \/>\nYAOUNDE<br \/>\nCAMEROUN<br \/>\nT\u00e9l\u00e9copie : (+237) 222 23 33 29\/33 50<\/p>\n<p>Documents \u00e0 pr\u00e9senter par les candidats :<\/p>\n<ul>\n<li>Le formulaire de demande de stage de la BEAC d\u00fbment rempli, contresign\u00e9 par l\u2019institution o\u00f9 le candidat poursuit ses \u00e9tudes ou par l\u2019organisme qui parraine le candidat ;<\/li>\n<li>Un CV r\u00e9cent avec une lettre de motivation ;<\/li>\n<li>Des copies des dipl\u00f4mes ;<\/li>\n<li>Une lettre de recommandation de l\u2019institution universitaire fr\u00e9quent\u00e9e actuellement par le candidat ;<\/li>\n<li>Une br\u00e8ve description du programme ou du th\u00e8me (th\u00e8se ou m\u00e9moire) \u00e0 pr\u00e9parer pendant le stage (le cas \u00e9ch\u00e9ant).<\/li>\n<\/ul>\n<p>Notez que seules les demandes compl\u00e8tes seront trait\u00e9es.<\/p>\n<h3>Dur\u00e9e :<\/h3>\n<p>Tous les stages seront autoris\u00e9s pour une p\u00e9riode de deux mois, \u00e9ventuellement renouvelable pour une p\u00e9riode n\u2019exc\u00e9dant pas trois mois.<br \/>\nToute question relative au programme de stages doit \u00eatre adress\u00e9e au :<\/p>\n<p>DIRECTEUR DES RESSOURCES HUMAINES ET FORMATION<br \/>\nBANQUE des ETATS de l\u2019AFRIQUE CENTRALE<br \/>\nB.P. 1917 YAOUNDE<br \/>\nT\u00e9l\u00e9copie : (+237) 222 23 40 30\/60<\/p>\n<h3>Dispositions financi\u00e8res et administratives<\/h3>\n<ul>\n<li>Les stagiaires de la BEAC peuvent recevoir, sur d\u00e9cision du gouverneur de la BEAC, une indemnit\u00e9 forfaitaire mensuelle<\/li>\n<li>Aucune couverture m\u00e9dicale ne leur sera accord\u00e9e<\/li>\n<\/ul>\n<p>[\/vc_column_text][\/vc_column][\/vc_row]<\/p>\n","protected":false},"excerpt":{"rendered":"<p>[vc_row css=&#8221;.vc_custom_1513347932803{padding-top: 30px !important;}&#8221;][vc_column el_class=&#8221;careerfy-typo-wrap stage-box&#8221;][vc_column_text] PROGRAMME DE STAGES ACAD\u00c9MIQUES \u00c0 LA BEAC Le programme de stage acad\u00e9mique de la BEAC donne une opportunit\u00e9 aux \u00e9tudiants en cours de scolarit\u00e9 dans tous les domaines, de mieux comprendre le fonctionnement de l\u2019Institut d\u2019Emission sous r\u00e9gional. Aper\u00e7u Pendant 8 \u00e0 12 semaines, le stagiaire travaille sous la&#8230;<\/p>\n","protected":false},"author":1,"featured_media":0,"parent":0,"menu_order":0,"comment_status":"closed","ping_status":"closed","template":"","meta":{"footnotes":""},"class_list":["post-406","page","type-page","status-publish","hentry"],"_links":{"self":[{"href":"https:\/\/www.beac.int\/recrutement\/wp-json\/wp\/v2\/pages\/406","targetHints":{"allow":["GET"]}}],"collection":[{"href":"https:\/\/www.beac.int\/recrutement\/wp-json\/wp\/v2\/pages"}],"about":[{"href":"https:\/\/www.beac.int\/recrutement\/wp-json\/wp\/v2\/types\/page"}],"author":[{"embeddable":true,"href":"https:\/\/www.beac.int\/recrutement\/wp-json\/wp\/v2\/users\/1"}],"replies":[{"embeddable":true,"href":"https:\/\/www.beac.int\/recrutement\/wp-json\/wp\/v2\/comments?post=406"}],"version-history":[{"count":0,"href":"https:\/\/www.beac.int\/recrutement\/wp-json\/wp\/v2\/pages\/406\/revisions"}],"wp:attachment":[{"href":"https:\/\/www.beac.int\/recrutement\/wp-json\/wp\/v2\/media?parent=406"}],"curies":[{"name":"wp","href":"https:\/\/api.w.org\/{rel}","templated":true}]}}